{"id":1504,"date":"2023-10-25T10:22:47","date_gmt":"2023-10-25T10:22:47","guid":{"rendered":"https:\/\/hnbeurope.com\/blog\/"},"modified":"2024-01-19T10:23:08","modified_gmt":"2024-01-19T10:23:08","slug":"blog","status":"publish","type":"page","link":"https:\/\/hnbeurope.com\/en\/blog\/","title":{"rendered":"Blog"},"content":{"rendered":"\t\t<div data-elementor-type=\"wp-page\" data-elementor-id=\"1504\" class=\"elementor elementor-1504 elementor-1473\" data-elementor-post-type=\"page\">\n\t\t\t\t\t\t<section class=\"elementor-section elementor-top-section elementor-element elementor-element-b881008 elementor-section-boxed elementor-section-height-default elementor-section-height-default\" data-id=\"b881008\" data-element_type=\"section\" data-e-type=\"section\">\n\t\t\t\t\t\t<div class=\"elementor-container elementor-column-gap-default\">\n\t\t\t\t\t<div class=\"elementor-column elementor-col-100 elementor-top-column elementor-element elementor-element-615f297\" data-id=\"615f297\" data-element_type=\"column\" data-e-type=\"column\">\n\t\t\t<div class=\"elementor-widget-wrap elementor-element-populated\">\n\t\t\t\t\t\t<div class=\"elementor-element elementor-element-28d15ef elementor-widget-divider--view-line elementor-widget elementor-widget-divider\" data-id=\"28d15ef\" data-element_type=\"widget\" data-e-type=\"widget\" data-widget_type=\"divider.default\">\n\t\t\t\t\t\t\t<div class=\"elementor-divider\">\n\t\t\t<span class=\"elementor-divider-separator\">\n\t\t\t\t\t\t<\/span>\n\t\t<\/div>\n\t\t\t\t\t\t<\/div>\n\t\t\t\t\t<\/div>\n\t\t<\/div>\n\t\t\t\t\t<\/div>\n\t\t<\/section>\n\t\t\t\t<section class=\"elementor-section elementor-top-section elementor-element elementor-element-c3caf22 elementor-section-boxed elementor-section-height-default elementor-section-height-default\" data-id=\"c3caf22\" data-element_type=\"section\" data-e-type=\"section\" data-settings=\"{&quot;background_background&quot;:&quot;classic&quot;}\">\n\t\t\t\t\t\t\t<div class=\"elementor-background-overlay\"><\/div>\n\t\t\t\t\t\t\t<div class=\"elementor-container elementor-column-gap-default\">\n\t\t\t\t\t<div class=\"elementor-column elementor-col-100 elementor-top-column elementor-element elementor-element-80236b6\" data-id=\"80236b6\" data-element_type=\"column\" data-e-type=\"column\">\n\t\t\t<div class=\"elementor-widget-wrap elementor-element-populated\">\n\t\t\t\t\t\t<section class=\"elementor-section elementor-inner-section elementor-element elementor-element-b75a6fe elementor-section-content-middle elementor-section-boxed elementor-section-height-default elementor-section-height-default\" data-id=\"b75a6fe\" data-element_type=\"section\" data-e-type=\"section\">\n\t\t\t\t\t\t<div class=\"elementor-container elementor-column-gap-default\">\n\t\t\t\t\t<div class=\"elementor-column elementor-col-100 elementor-inner-column elementor-element elementor-element-9703154\" data-id=\"9703154\" data-element_type=\"column\" data-e-type=\"column\">\n\t\t\t<div class=\"elementor-widget-wrap elementor-element-populated\">\n\t\t\t\t\t\t<div class=\"elementor-element elementor-element-aa303d1 elementor-invisible elementor-widget elementor-widget-heading\" data-id=\"aa303d1\" data-element_type=\"widget\" data-e-type=\"widget\" data-settings=\"{&quot;_animation&quot;:&quot;fadeInUp&quot;}\" data-widget_type=\"heading.default\">\n\t\t\t\t\t<h6 class=\"elementor-heading-title elementor-size-default\">Discover our articles on hospitality textiles<\/h6>\t\t\t\t<\/div>\n\t\t\t\t<div class=\"elementor-element elementor-element-8d39556 elementor-absolute elementor-invisible elementor-widget elementor-widget-heading\" data-id=\"8d39556\" data-element_type=\"widget\" data-e-type=\"widget\" data-settings=\"{&quot;_position&quot;:&quot;absolute&quot;,&quot;_animation&quot;:&quot;fadeIn&quot;,&quot;_animation_delay&quot;:200}\" data-widget_type=\"heading.default\">\n\t\t\t\t\t<div class=\"elementor-heading-title elementor-size-default\">Blog<\/div>\t\t\t\t<\/div>\n\t\t\t\t<div class=\"elementor-element elementor-element-e7a0918 elementor-invisible elementor-widget elementor-widget-heading\" data-id=\"e7a0918\" data-element_type=\"widget\" data-e-type=\"widget\" data-settings=\"{&quot;_animation&quot;:&quot;fadeInDown&quot;}\" data-widget_type=\"heading.default\">\n\t\t\t\t\t<h2 class=\"elementor-heading-title elementor-size-default\">Latest News<\/h2>\t\t\t\t<\/div>\n\t\t\t\t\t<\/div>\n\t\t<\/div>\n\t\t\t\t\t<\/div>\n\t\t<\/section>\n\t\t\t\t<div class=\"elementor-element elementor-element-d8f90f6 elementor-widget elementor-widget-elementskit-blog-posts\" data-id=\"d8f90f6\" data-element_type=\"widget\" data-e-type=\"widget\" data-widget_type=\"elementskit-blog-posts.default\">\n\t\t\t\t\t<div class=\"ekit-wid-con\" >        <div id=\"post-items--d8f90f6\" class=\"row post-items\">\n                    <div class=\"col-lg-4 col-md-6\">\n\n                                    <div class=\"elementskit-post-image-card\">\n                        <div class=\"elementskit-entry-header\">\n                                                            <a href=\"https:\/\/hnbeurope.com\/en\/how-to-correctly-wash-the-towels\/\" class=\"elementskit-entry-thumb\">\n                                    <img decoding=\"async\" src=\"https:\/\/hnbeurope.com\/wp-content\/uploads\/2023\/08\/toallas-para-hoteles-1024x683.jpg\" alt=\"How to correctly wash the towels\">\n                                <\/a><!-- .elementskit-entry-thumb END -->\n                                                                                                    <div class=\"elementskit-meta-lists elementskit-style-tag\">\n                                        <div class=\"elementskit-single-meta triangle_left\"><span class=\"elementskit-meta-wraper\"><strong>18<\/strong>Jan<\/span><\/div>\n                                    <\/div>\n                                                                                            \n                            \n\t\t\t\t\t\t\t\t\t\t\t\t\t<\/div><!-- .elementskit-entry-header END -->\n\n\t\t\t\t\t\t<div class=\"elementskit-post-body \">\n\t\t\t\t\t\t\t\n\t\t\t\t\t\t\t\t\t\t\t\t\t\t\t\t\t\t\t\t\t\t\t\t\t\t\t\t\t\t\n\t\t\t\t\t\t\t\t\n\t\t\t\t\t\t\t\t\t\t\t\t\t\t\t\t\t\t\t\t\t<h2 class=\"entry-title\">\n\t\t\t\t\t<a href=\"https:\/\/hnbeurope.com\/en\/how-to-correctly-wash-the-towels\/\">\n\t\t\t\t\t\tHow to correctly wash the towels\t\t\t\t\t<\/a>\n\t\t\t\t<\/h2>\n\t\t\t\t\t\t\t\t\t\t\t\t\t\t\t\t\t\t\t\t\t\t\t\t\t\t\t\t\t\t\t\t\t\t\t\t\t\t\t\t\t\t<p>Extend the life of your towels<\/p>\n\t\t\t\t\t\t\t\t\t\t\t\t\t\t\t\t\t\t\t\t\t\t                                                            <div class=\"btn-wraper\">\n                                    \n                                                                            <a class=\"elementskit-btn whitespace--normal\" id=\"\" href=\"https:\/\/hnbeurope.com\/en\/how-to-correctly-wash-the-towels\/\">\n                                        \t                                            See more                                        <\/a>\n                                                                    <\/div>\n                                                    <\/div><!-- .elementskit-post-body END -->\n                    <\/div>\n                \n            <\/div>\n                <\/div>\n       <\/div>\t\t\t\t<\/div>\n\t\t\t\t\t<\/div>\n\t\t<\/div>\n\t\t\t\t\t<\/div>\n\t\t<\/section>\n\t\t\t\t<\/div>\n\t\t","protected":false},"excerpt":{"rendered":"<p>Discover our articles on hospitality textiles Blog Latest News 18Ene C\u00f3mo lavar correctamente las toallas Prolongar la vida \u00fatil de tus toallas See more 25Oct Art\u00edculo Prueba 3 Lorem Ipsum Lorem Ipsum Lorem Ipsum Lorem Ipsum Lorem Ipsum Lorem Ipsum Lorem Ipsum See more 25Oct Art\u00edculo Prueba 2 Lorem Ipsum Lorem Ipsum Lorem Ipsum Lorem [&hellip;]<\/p>\n","protected":false},"author":3,"featured_media":0,"parent":0,"menu_order":0,"comment_status":"closed","ping_status":"closed","template":"elementor_header_footer","meta":{"_joinchat":[],"footnotes":""},"class_list":["post-1504","page","type-page","status-publish","hentry"],"yoast_head":"<!-- This site is optimized with the Yoast SEO plugin v27.3 - https:\/\/yoast.com\/product\/yoast-seo-wordpress\/ -->\n<title>Blog - HNBEUROPE<\/title>\n<meta name=\"robots\" content=\"index, follow, max-snippet:-1, max-image-preview:large, max-video-preview:-1\" \/>\n<link rel=\"canonical\" href=\"https:\/\/hnbeurope.com\/en\/blog\/\" \/>\n<meta property=\"og:locale\" content=\"en_US\" \/>\n<meta property=\"og:type\" content=\"article\" \/>\n<meta property=\"og:title\" content=\"Blog - HNBEUROPE\" \/>\n<meta property=\"og:description\" content=\"Discover our articles on hospitality textiles Blog Latest News 18Ene C\u00f3mo lavar correctamente las toallas Prolongar la vida \u00fatil de tus toallas See more 25Oct Art\u00edculo Prueba 3 Lorem Ipsum Lorem Ipsum Lorem Ipsum Lorem Ipsum Lorem Ipsum Lorem Ipsum Lorem Ipsum See more 25Oct Art\u00edculo Prueba 2 Lorem Ipsum Lorem Ipsum Lorem Ipsum Lorem [&hellip;]\" \/>\n<meta property=\"og:url\" content=\"https:\/\/hnbeurope.com\/en\/blog\/\" \/>\n<meta property=\"og:site_name\" content=\"HNBEUROPE\" \/>\n<meta property=\"article:modified_time\" content=\"2024-01-19T10:23:08+00:00\" \/>\n<meta property=\"og:image\" content=\"https:\/\/hnbeurope.com\/wp-content\/uploads\/2023\/08\/toallas-para-hoteles-1024x683.jpg\" \/>\n<meta name=\"twitter:card\" content=\"summary_large_image\" \/>\n<meta name=\"twitter:label1\" content=\"Est. reading time\" \/>\n\t<meta name=\"twitter:data1\" content=\"1 minute\" \/>\n<script type=\"application\/ld+json\" class=\"yoast-schema-graph\">{\"@context\":\"https:\\\/\\\/schema.org\",\"@graph\":[{\"@type\":\"WebPage\",\"@id\":\"https:\\\/\\\/hnbeurope.com\\\/en\\\/blog\\\/\",\"url\":\"https:\\\/\\\/hnbeurope.com\\\/en\\\/blog\\\/\",\"name\":\"Blog - HNBEUROPE\",\"isPartOf\":{\"@id\":\"https:\\\/\\\/hnbeurope.com\\\/en\\\/#website\"},\"primaryImageOfPage\":{\"@id\":\"https:\\\/\\\/hnbeurope.com\\\/en\\\/blog\\\/#primaryimage\"},\"image\":{\"@id\":\"https:\\\/\\\/hnbeurope.com\\\/en\\\/blog\\\/#primaryimage\"},\"thumbnailUrl\":\"https:\\\/\\\/hnbeurope.com\\\/wp-content\\\/uploads\\\/2023\\\/08\\\/toallas-para-hoteles-1024x683.jpg\",\"datePublished\":\"2023-10-25T10:22:47+00:00\",\"dateModified\":\"2024-01-19T10:23:08+00:00\",\"breadcrumb\":{\"@id\":\"https:\\\/\\\/hnbeurope.com\\\/en\\\/blog\\\/#breadcrumb\"},\"inLanguage\":\"en-US\",\"potentialAction\":[{\"@type\":\"ReadAction\",\"target\":[\"https:\\\/\\\/hnbeurope.com\\\/en\\\/blog\\\/\"]}]},{\"@type\":\"ImageObject\",\"inLanguage\":\"en-US\",\"@id\":\"https:\\\/\\\/hnbeurope.com\\\/en\\\/blog\\\/#primaryimage\",\"url\":\"https:\\\/\\\/hnbeurope.com\\\/wp-content\\\/uploads\\\/2023\\\/08\\\/toallas-para-hoteles-1024x683.jpg\",\"contentUrl\":\"https:\\\/\\\/hnbeurope.com\\\/wp-content\\\/uploads\\\/2023\\\/08\\\/toallas-para-hoteles-1024x683.jpg\"},{\"@type\":\"BreadcrumbList\",\"@id\":\"https:\\\/\\\/hnbeurope.com\\\/en\\\/blog\\\/#breadcrumb\",\"itemListElement\":[{\"@type\":\"ListItem\",\"position\":1,\"name\":\"Home\",\"item\":\"https:\\\/\\\/hnbeurope.com\\\/en\\\/\"},{\"@type\":\"ListItem\",\"position\":2,\"name\":\"Blog\"}]},{\"@type\":\"WebSite\",\"@id\":\"https:\\\/\\\/hnbeurope.com\\\/en\\\/#website\",\"url\":\"https:\\\/\\\/hnbeurope.com\\\/en\\\/\",\"name\":\"HNBEUROPE\",\"description\":\"Expertos textil hosteler&iacute;a\",\"potentialAction\":[{\"@type\":\"SearchAction\",\"target\":{\"@type\":\"EntryPoint\",\"urlTemplate\":\"https:\\\/\\\/hnbeurope.com\\\/en\\\/?s={search_term_string}\"},\"query-input\":{\"@type\":\"PropertyValueSpecification\",\"valueRequired\":true,\"valueName\":\"search_term_string\"}}],\"inLanguage\":\"en-US\"}]}<\/script>\n<!-- \/ Yoast SEO plugin. -->","yoast_head_json":{"title":"Blog - HNBEUROPE","robots":{"index":"index","follow":"follow","max-snippet":"max-snippet:-1","max-image-preview":"max-image-preview:large","max-video-preview":"max-video-preview:-1"},"canonical":"https:\/\/hnbeurope.com\/en\/blog\/","og_locale":"en_US","og_type":"article","og_title":"Blog - HNBEUROPE","og_description":"Discover our articles on hospitality textiles Blog Latest News 18Ene C\u00f3mo lavar correctamente las toallas Prolongar la vida \u00fatil de tus toallas See more 25Oct Art\u00edculo Prueba 3 Lorem Ipsum Lorem Ipsum Lorem Ipsum Lorem Ipsum Lorem Ipsum Lorem Ipsum Lorem Ipsum See more 25Oct Art\u00edculo Prueba 2 Lorem Ipsum Lorem Ipsum Lorem Ipsum Lorem [&hellip;]","og_url":"https:\/\/hnbeurope.com\/en\/blog\/","og_site_name":"HNBEUROPE","article_modified_time":"2024-01-19T10:23:08+00:00","og_image":[{"url":"https:\/\/hnbeurope.com\/wp-content\/uploads\/2023\/08\/toallas-para-hoteles-1024x683.jpg","type":"","width":"","height":""}],"twitter_card":"summary_large_image","twitter_misc":{"Est. reading time":"1 minute"},"schema":{"@context":"https:\/\/schema.org","@graph":[{"@type":"WebPage","@id":"https:\/\/hnbeurope.com\/en\/blog\/","url":"https:\/\/hnbeurope.com\/en\/blog\/","name":"Blog - HNBEUROPE","isPartOf":{"@id":"https:\/\/hnbeurope.com\/en\/#website"},"primaryImageOfPage":{"@id":"https:\/\/hnbeurope.com\/en\/blog\/#primaryimage"},"image":{"@id":"https:\/\/hnbeurope.com\/en\/blog\/#primaryimage"},"thumbnailUrl":"https:\/\/hnbeurope.com\/wp-content\/uploads\/2023\/08\/toallas-para-hoteles-1024x683.jpg","datePublished":"2023-10-25T10:22:47+00:00","dateModified":"2024-01-19T10:23:08+00:00","breadcrumb":{"@id":"https:\/\/hnbeurope.com\/en\/blog\/#breadcrumb"},"inLanguage":"en-US","potentialAction":[{"@type":"ReadAction","target":["https:\/\/hnbeurope.com\/en\/blog\/"]}]},{"@type":"ImageObject","inLanguage":"en-US","@id":"https:\/\/hnbeurope.com\/en\/blog\/#primaryimage","url":"https:\/\/hnbeurope.com\/wp-content\/uploads\/2023\/08\/toallas-para-hoteles-1024x683.jpg","contentUrl":"https:\/\/hnbeurope.com\/wp-content\/uploads\/2023\/08\/toallas-para-hoteles-1024x683.jpg"},{"@type":"BreadcrumbList","@id":"https:\/\/hnbeurope.com\/en\/blog\/#breadcrumb","itemListElement":[{"@type":"ListItem","position":1,"name":"Home","item":"https:\/\/hnbeurope.com\/en\/"},{"@type":"ListItem","position":2,"name":"Blog"}]},{"@type":"WebSite","@id":"https:\/\/hnbeurope.com\/en\/#website","url":"https:\/\/hnbeurope.com\/en\/","name":"HNBEUROPE","description":"Expertos textil hosteler&iacute;a","potentialAction":[{"@type":"SearchAction","target":{"@type":"EntryPoint","urlTemplate":"https:\/\/hnbeurope.com\/en\/?s={search_term_string}"},"query-input":{"@type":"PropertyValueSpecification","valueRequired":true,"valueName":"search_term_string"}}],"inLanguage":"en-US"}]}},"_links":{"self":[{"href":"https:\/\/hnbeurope.com\/en\/wp-json\/wp\/v2\/pages\/1504","targetHints":{"allow":["GET"]}}],"collection":[{"href":"https:\/\/hnbeurope.com\/en\/wp-json\/wp\/v2\/pages"}],"about":[{"href":"https:\/\/hnbeurope.com\/en\/wp-json\/wp\/v2\/types\/page"}],"author":[{"embeddable":true,"href":"https:\/\/hnbeurope.com\/en\/wp-json\/wp\/v2\/users\/3"}],"replies":[{"embeddable":true,"href":"https:\/\/hnbeurope.com\/en\/wp-json\/wp\/v2\/comments?post=1504"}],"version-history":[{"count":0,"href":"https:\/\/hnbeurope.com\/en\/wp-json\/wp\/v2\/pages\/1504\/revisions"}],"wp:attachment":[{"href":"https:\/\/hnbeurope.com\/en\/wp-json\/wp\/v2\/media?parent=1504"}],"curies":[{"name":"wp","href":"https:\/\/api.w.org\/{rel}","templated":true}]}}